{"id":26,"date":"2018-06-24T04:51:26","date_gmt":"2018-06-24T04:51:26","guid":{"rendered":"http:\/\/boprestegard.no\/wp\/?page_id=26"},"modified":"2024-07-28T21:54:12","modified_gmt":"2024-07-28T19:54:12","slug":"utleige","status":"publish","type":"page","link":"https:\/\/boprestegard.no\/wp\/","title":{"rendered":"Utleige"},"content":{"rendered":"\n<div class=\"wp-block-columns is-layout-flex wp-container-core-columns-is-layout-8f761849 wp-block-columns-is-layout-flex\">\n<div class=\"wp-block-column is-layout-flow wp-block-column-is-layout-flow\">\n<figure class=\"wp-block-image size-full is-resized\"><img loading=\"lazy\" decoding=\"async\" width=\"256\" height=\"171\" src=\"http:\/\/boprestegard.no\/wp\/wp-content\/uploads\/2018\/06\/bord_stoler_tunet.jpg\" alt=\"\" class=\"wp-image-47\" style=\"height:157px\"\/><\/figure>\n<\/div>\n\n\n\n<div class=\"wp-block-column is-layout-flow wp-block-column-is-layout-flow\">\n<figure class=\"wp-block-image size-full\"><img loading=\"lazy\" decoding=\"async\" width=\"234\" height=\"171\" src=\"http:\/\/boprestegard.no\/wp\/wp-content\/uploads\/2018\/06\/interi\u00f8r1-1.jpg\" alt=\"\" class=\"wp-image-52\"\/><\/figure>\n<\/div>\n\n\n\n<div class=\"wp-block-column is-layout-flow wp-block-column-is-layout-flow\">\n<figure class=\"wp-block-image size-full is-resized\"><img loading=\"lazy\" decoding=\"async\" width=\"256\" height=\"199\" src=\"http:\/\/boprestegard.no\/wp\/wp-content\/uploads\/2021\/10\/interior2-edited.jpg\" alt=\"\" class=\"wp-image-540\" style=\"height:168px\"\/><\/figure>\n<\/div>\n<\/div>\n\n\n\n<h2 class=\"wp-block-heading\">B\u00f8 prestegard blir leigd ut til: bryllaup, barned\u00e5p, namnedag, konfirmasjon, jubileum&nbsp; og bursdagsfeiring.&nbsp;<\/h2>\n\n\n\n<p class=\"wp-block-paragraph\">Prisar utleige \u2013 gjeld fr\u00e5 15. april 2024.<br>Heile f\u00f8rste etasje: tre stuer, kj\u00f8kken, gamlekj\u00f8kkenet, toalett, handikapptoalett, mellomstue:<\/p>\n\n\n\n<table id=\"tablepress-1\" class=\"tablepress tablepress-id-1\">\n<tbody class=\"row-striping row-hover\">\n<tr class=\"row-1\">\n\t<td class=\"column-1\">Fredag \u2013 s\u00f8ndag <\/td><td class=\"column-2\">5.000 + vask<\/td>\n<\/tr>\n<tr class=\"row-2\">\n\t<td class=\"column-1\">Dag\/kveld, m\u00f8te til kl. 22.30<\/td><td class=\"column-2\">1.500<\/td>\n<\/tr>\n<tr class=\"row-3\">\n\t<td class=\"column-1\">Dag\/kveld, selskap til kl. 02.00<\/td><td class=\"column-2\">3.000 + vask<\/td>\n<\/tr>\n<tr class=\"row-4\">\n\t<td class=\"column-1\">Fredag til laurdag eller laurdag til s\u00f8ndag<\/td><td class=\"column-2\">4.000 + vask<\/td>\n<\/tr>\n<tr class=\"row-5\">\n\t<td class=\"column-1\">Ei stue dag\/kveld fram til kl. 22.30<\/td><td class=\"column-2\">800<\/td>\n<\/tr>\n<tr class=\"row-6\">\n\t<td class=\"column-1\">To stuer dag\/kveld fram til kl. 22.30<\/td><td class=\"column-2\">1200<\/td>\n<\/tr>\n<tr class=\"row-7\">\n\t<td class=\"column-1\">To stuer dag\/kveld selskap fram til kl. 02.00<\/td><td class=\"column-2\">2.000 + vask<\/td>\n<\/tr>\n<tr class=\"row-8\">\n\t<td class=\"column-1\">Vask er berekna til<\/td><td class=\"column-2\">800<\/td>\n<\/tr>\n<\/tbody>\n<\/table>\n<!-- #tablepress-1 from cache -->\n\n\n\n<p class=\"wp-block-paragraph\">Som medlem f\u00e5r du 20% avslag p\u00e5 leiga .<\/p>\n\n\n\n<p class=\"wp-block-paragraph\">Pris for leigd hjelp fr\u00e5 Vennelaget: kr 250 per time<\/p>\n\n\n\n<p class=\"wp-block-paragraph\">Ved spesielle arrangement kan vi krevje ekstra ettersyn.<\/p>\n\n\n\n<p class=\"wp-block-paragraph\">All leige inkluderer bruk av kj\u00f8kken og (golv)vask<\/p>\n\n\n\n<p class=\"wp-block-paragraph\">Strykefrie kvitedukar kan du leige for kr 50 per. duk<\/p>\n\n\n\n<p class=\"wp-block-paragraph\">Dukar som m\u00e5 strykast\/ rullast, m\u00e5 du betale kr. 250 per duk for.<\/p>\n\n\n\n<p class=\"wp-block-paragraph\">Romma skal vere rydda og sette i stand etter bruk<\/p>\n\n\n\n<p class=\"wp-block-paragraph\">Vi har eit godt utstyrt kj\u00f8kken med alt ein trenge for \u00e5 dekke til fest til 70 personar.<\/p>\n\n\n\n<p class=\"wp-block-paragraph\">Leigetakar disponerer to store kj\u00f8lesk\u00e5p, eit frysesk\u00e5p, oppvaskmaskin, mixar, kaffitraktar, stavmixar, vasskokar, omn, kokeplater, kjelar og diversen blomstervasar.<\/p>\n\n\n\n<p class=\"wp-block-paragraph\">Det er ikkje \u00f8nskjeleg at det blir brukt levande lys. Me har 24 oppladbare telys<\/p>\n\n\n\n<p class=\"wp-block-paragraph\">Det er taleanlegg med h\u00f8gtalarar i stuene.<\/p>\n\n\n\n<p class=\"wp-block-paragraph\">Det er prosjektor med lerret fr\u00e5 tak til disposisjon.<\/p>\n\n\n\n<p class=\"wp-block-paragraph\">Det er ogs\u00e5 eit godt konsertpiano i hagestua. Stemming av pianoet m\u00e5 avtalast.<\/p>\n\n\n\n<p class=\"wp-block-paragraph\">Hagen er oppgradert, og p\u00e5 plenen framfor huset er det hagem\u00f8blar med plass til 60 gjester. I tillegg kjem ekstra stolar p\u00e5 lager i stabburet.<\/p>\n\n\n\n<p class=\"wp-block-paragraph\">Vi har kj\u00f8reskinner for rullestol<\/p>\n\n\n\n<p class=\"wp-block-paragraph\">Arrangement m\u00e5 avsluttast seinast kl 02:00<\/p>\n\n\n\n<p class=\"wp-block-paragraph\"><strong>Kontaktperson n\u00e5r det gjeld utleige i 1. etg. er:<\/strong><\/p>\n\n\n\n<p class=\"wp-block-paragraph\"><\/p>\n\n\n\n<p class=\"wp-block-paragraph\">Helga Sannes Marthinsen, mobil 950 33 731<\/p>\n\n\n\n<p class=\"wp-block-paragraph\">e-post: <a href=\"mailto:helga.sannes@gmail.com\" target=\"_blank\" rel=\"noreferrer noopener\">helga.sannes@gmail.com<\/a><\/p>\n\n\n\n<p class=\"wp-block-paragraph\"><\/p>\n","protected":false},"excerpt":{"rendered":"<p>B\u00f8 prestegard blir leigd ut til: bryllaup, barned\u00e5p, namnedag, konfirmasjon, jubileum&nbsp; og bursdagsfeiring.&nbsp; Prisar utleige \u2013 gjeld fr\u00e5 15. april 2024.Heile f\u00f8rste etasje: tre stuer, kj\u00f8kken, gamlekj\u00f8kkenet, toalett, handikapptoalett, mellomstue: Som medlem f\u00e5r du 20% avslag p\u00e5 leiga . Pris for leigd hjelp fr\u00e5 Vennelaget: kr 250 per time Ved spesielle arrangement kan vi krevje &#8230; <a title=\"Utleige\" class=\"read-more\" href=\"https:\/\/boprestegard.no\/wp\/\" aria-label=\"Read more about Utleige\">Read more<\/a><\/p>\n","protected":false},"author":1,"featured_media":0,"parent":0,"menu_order":0,"comment_status":"closed","ping_status":"closed","template":"","meta":{"_crdt_document":"","generate_page_header":"","_EventAllDay":false,"_EventTimezone":"","_EventStartDate":"","_EventEndDate":"","_EventStartDateUTC":"","_EventEndDateUTC":"","_EventShowMap":false,"_EventShowMapLink":false,"_EventURL":"","_EventCost":"","_EventCostDescription":"","_EventCurrencySymbol":"","_EventCurrencyCode":"","_EventCurrencyPosition":"","_EventDateTimeSeparator":"","_EventTimeRangeSeparator":"","_EventOrganizerID":[],"_EventVenueID":[],"_OrganizerEmail":"","_OrganizerPhone":"","_OrganizerWebsite":"","_VenueAddress":"","_VenueCity":"","_VenueCountry":"","_VenueProvince":"","_VenueState":"","_VenueZip":"","_VenuePhone":"","_VenueURL":"","_VenueStateProvince":"","_VenueLat":"","_VenueLng":"","_VenueShowMap":false,"_VenueShowMapLink":false,"footnotes":""},"class_list":["post-26","page","type-page","status-publish"],"yoast_head":"<!-- This site is optimized with the Yoast SEO plugin v27.3 - https:\/\/yoast.com\/product\/yoast-seo-wordpress\/ -->\n<title>Utleige - B\u00f8 Prestegard<\/title>\n<meta name=\"robots\" content=\"index, follow, max-snippet:-1, max-image-preview:large, max-video-preview:-1\" \/>\n<link rel=\"canonical\" href=\"https:\/\/boprestegard.no\/wp\/\" \/>\n<meta property=\"og:locale\" content=\"nb_NO\" \/>\n<meta property=\"og:type\" content=\"article\" \/>\n<meta property=\"og:title\" content=\"Utleige - B\u00f8 Prestegard\" \/>\n<meta property=\"og:description\" content=\"B\u00f8 prestegard blir leigd ut til: bryllaup, barned\u00e5p, namnedag, konfirmasjon, jubileum&nbsp; og bursdagsfeiring.&nbsp; Prisar utleige \u2013 gjeld fr\u00e5 15. april 2024.Heile f\u00f8rste etasje: tre stuer, kj\u00f8kken, gamlekj\u00f8kkenet, toalett, handikapptoalett, mellomstue: Som medlem f\u00e5r du 20% avslag p\u00e5 leiga . Pris for leigd hjelp fr\u00e5 Vennelaget: kr 250 per time Ved spesielle arrangement kan vi krevje ... Read more\" \/>\n<meta property=\"og:url\" content=\"https:\/\/boprestegard.no\/wp\/\" \/>\n<meta property=\"og:site_name\" content=\"B\u00f8 Prestegard\" \/>\n<meta property=\"article:publisher\" content=\"https:\/\/nb-no.facebook.com\/B\u00f8-prestegard-215741351797958\/\" \/>\n<meta property=\"article:modified_time\" content=\"2024-07-28T19:54:12+00:00\" \/>\n<meta property=\"og:image\" content=\"http:\/\/boprestegard.no\/wp\/wp-content\/uploads\/2018\/06\/bord_stoler_tunet.jpg\" \/>\n<meta name=\"twitter:card\" content=\"summary_large_image\" \/>\n<meta name=\"twitter:label1\" content=\"Ansl. lesetid\" \/>\n\t<meta name=\"twitter:data1\" content=\"1 minutt\" \/>\n<script type=\"application\/ld+json\" class=\"yoast-schema-graph\">{\"@context\":\"https:\\\/\\\/schema.org\",\"@graph\":[{\"@type\":\"WebPage\",\"@id\":\"https:\\\/\\\/boprestegard.no\\\/wp\\\/\",\"url\":\"https:\\\/\\\/boprestegard.no\\\/wp\\\/\",\"name\":\"Utleige - B\u00f8 Prestegard\",\"isPartOf\":{\"@id\":\"https:\\\/\\\/boprestegard.no\\\/wp\\\/#website\"},\"primaryImageOfPage\":{\"@id\":\"https:\\\/\\\/boprestegard.no\\\/wp\\\/#primaryimage\"},\"image\":{\"@id\":\"https:\\\/\\\/boprestegard.no\\\/wp\\\/#primaryimage\"},\"thumbnailUrl\":\"http:\\\/\\\/boprestegard.no\\\/wp\\\/wp-content\\\/uploads\\\/2018\\\/06\\\/bord_stoler_tunet.jpg\",\"datePublished\":\"2018-06-24T04:51:26+00:00\",\"dateModified\":\"2024-07-28T19:54:12+00:00\",\"breadcrumb\":{\"@id\":\"https:\\\/\\\/boprestegard.no\\\/wp\\\/#breadcrumb\"},\"inLanguage\":\"nb-NO\",\"potentialAction\":[{\"@type\":\"ReadAction\",\"target\":[\"https:\\\/\\\/boprestegard.no\\\/wp\\\/\"]}]},{\"@type\":\"ImageObject\",\"inLanguage\":\"nb-NO\",\"@id\":\"https:\\\/\\\/boprestegard.no\\\/wp\\\/#primaryimage\",\"url\":\"https:\\\/\\\/boprestegard.no\\\/wp\\\/wp-content\\\/uploads\\\/2018\\\/06\\\/bord_stoler_tunet.jpg\",\"contentUrl\":\"https:\\\/\\\/boprestegard.no\\\/wp\\\/wp-content\\\/uploads\\\/2018\\\/06\\\/bord_stoler_tunet.jpg\",\"width\":256,\"height\":171},{\"@type\":\"BreadcrumbList\",\"@id\":\"https:\\\/\\\/boprestegard.no\\\/wp\\\/#breadcrumb\",\"itemListElement\":[{\"@type\":\"ListItem\",\"position\":1,\"name\":\"Hjem\",\"item\":\"https:\\\/\\\/boprestegard.no\\\/wp\\\/\"},{\"@type\":\"ListItem\",\"position\":2,\"name\":\"Utleige\"}]},{\"@type\":\"WebSite\",\"@id\":\"https:\\\/\\\/boprestegard.no\\\/wp\\\/#website\",\"url\":\"https:\\\/\\\/boprestegard.no\\\/wp\\\/\",\"name\":\"B\u00f8 Prestegard\",\"description\":\"\",\"publisher\":{\"@id\":\"https:\\\/\\\/boprestegard.no\\\/wp\\\/#organization\"},\"potentialAction\":[{\"@type\":\"SearchAction\",\"target\":{\"@type\":\"EntryPoint\",\"urlTemplate\":\"https:\\\/\\\/boprestegard.no\\\/wp\\\/?s={search_term_string}\"},\"query-input\":{\"@type\":\"PropertyValueSpecification\",\"valueRequired\":true,\"valueName\":\"search_term_string\"}}],\"inLanguage\":\"nb-NO\"},{\"@type\":\"Organization\",\"@id\":\"https:\\\/\\\/boprestegard.no\\\/wp\\\/#organization\",\"name\":\"B\u00f8 Prestegard\",\"url\":\"https:\\\/\\\/boprestegard.no\\\/wp\\\/\",\"logo\":{\"@type\":\"ImageObject\",\"inLanguage\":\"nb-NO\",\"@id\":\"https:\\\/\\\/boprestegard.no\\\/wp\\\/#\\\/schema\\\/logo\\\/image\\\/\",\"url\":\"http:\\\/\\\/boprestegard.no\\\/wp\\\/wp-content\\\/uploads\\\/2018\\\/06\\\/toppbilde_ny.jpg\",\"contentUrl\":\"http:\\\/\\\/boprestegard.no\\\/wp\\\/wp-content\\\/uploads\\\/2018\\\/06\\\/toppbilde_ny.jpg\",\"width\":1200,\"height\":230,\"caption\":\"B\u00f8 Prestegard\"},\"image\":{\"@id\":\"https:\\\/\\\/boprestegard.no\\\/wp\\\/#\\\/schema\\\/logo\\\/image\\\/\"},\"sameAs\":[\"https:\\\/\\\/nb-no.facebook.com\\\/B\u00f8-prestegard-215741351797958\\\/\"]}]}<\/script>\n<!-- \/ Yoast SEO plugin. -->","yoast_head_json":{"title":"Utleige - B\u00f8 Prestegard","robots":{"index":"index","follow":"follow","max-snippet":"max-snippet:-1","max-image-preview":"max-image-preview:large","max-video-preview":"max-video-preview:-1"},"canonical":"https:\/\/boprestegard.no\/wp\/","og_locale":"nb_NO","og_type":"article","og_title":"Utleige - B\u00f8 Prestegard","og_description":"B\u00f8 prestegard blir leigd ut til: bryllaup, barned\u00e5p, namnedag, konfirmasjon, jubileum&nbsp; og bursdagsfeiring.&nbsp; Prisar utleige \u2013 gjeld fr\u00e5 15. april 2024.Heile f\u00f8rste etasje: tre stuer, kj\u00f8kken, gamlekj\u00f8kkenet, toalett, handikapptoalett, mellomstue: Som medlem f\u00e5r du 20% avslag p\u00e5 leiga . Pris for leigd hjelp fr\u00e5 Vennelaget: kr 250 per time Ved spesielle arrangement kan vi krevje ... Read more","og_url":"https:\/\/boprestegard.no\/wp\/","og_site_name":"B\u00f8 Prestegard","article_publisher":"https:\/\/nb-no.facebook.com\/B\u00f8-prestegard-215741351797958\/","article_modified_time":"2024-07-28T19:54:12+00:00","og_image":[{"url":"http:\/\/boprestegard.no\/wp\/wp-content\/uploads\/2018\/06\/bord_stoler_tunet.jpg","type":"","width":"","height":""}],"twitter_card":"summary_large_image","twitter_misc":{"Ansl. lesetid":"1 minutt"},"schema":{"@context":"https:\/\/schema.org","@graph":[{"@type":"WebPage","@id":"https:\/\/boprestegard.no\/wp\/","url":"https:\/\/boprestegard.no\/wp\/","name":"Utleige - B\u00f8 Prestegard","isPartOf":{"@id":"https:\/\/boprestegard.no\/wp\/#website"},"primaryImageOfPage":{"@id":"https:\/\/boprestegard.no\/wp\/#primaryimage"},"image":{"@id":"https:\/\/boprestegard.no\/wp\/#primaryimage"},"thumbnailUrl":"http:\/\/boprestegard.no\/wp\/wp-content\/uploads\/2018\/06\/bord_stoler_tunet.jpg","datePublished":"2018-06-24T04:51:26+00:00","dateModified":"2024-07-28T19:54:12+00:00","breadcrumb":{"@id":"https:\/\/boprestegard.no\/wp\/#breadcrumb"},"inLanguage":"nb-NO","potentialAction":[{"@type":"ReadAction","target":["https:\/\/boprestegard.no\/wp\/"]}]},{"@type":"ImageObject","inLanguage":"nb-NO","@id":"https:\/\/boprestegard.no\/wp\/#primaryimage","url":"https:\/\/boprestegard.no\/wp\/wp-content\/uploads\/2018\/06\/bord_stoler_tunet.jpg","contentUrl":"https:\/\/boprestegard.no\/wp\/wp-content\/uploads\/2018\/06\/bord_stoler_tunet.jpg","width":256,"height":171},{"@type":"BreadcrumbList","@id":"https:\/\/boprestegard.no\/wp\/#breadcrumb","itemListElement":[{"@type":"ListItem","position":1,"name":"Hjem","item":"https:\/\/boprestegard.no\/wp\/"},{"@type":"ListItem","position":2,"name":"Utleige"}]},{"@type":"WebSite","@id":"https:\/\/boprestegard.no\/wp\/#website","url":"https:\/\/boprestegard.no\/wp\/","name":"B\u00f8 Prestegard","description":"","publisher":{"@id":"https:\/\/boprestegard.no\/wp\/#organization"},"potentialAction":[{"@type":"SearchAction","target":{"@type":"EntryPoint","urlTemplate":"https:\/\/boprestegard.no\/wp\/?s={search_term_string}"},"query-input":{"@type":"PropertyValueSpecification","valueRequired":true,"valueName":"search_term_string"}}],"inLanguage":"nb-NO"},{"@type":"Organization","@id":"https:\/\/boprestegard.no\/wp\/#organization","name":"B\u00f8 Prestegard","url":"https:\/\/boprestegard.no\/wp\/","logo":{"@type":"ImageObject","inLanguage":"nb-NO","@id":"https:\/\/boprestegard.no\/wp\/#\/schema\/logo\/image\/","url":"http:\/\/boprestegard.no\/wp\/wp-content\/uploads\/2018\/06\/toppbilde_ny.jpg","contentUrl":"http:\/\/boprestegard.no\/wp\/wp-content\/uploads\/2018\/06\/toppbilde_ny.jpg","width":1200,"height":230,"caption":"B\u00f8 Prestegard"},"image":{"@id":"https:\/\/boprestegard.no\/wp\/#\/schema\/logo\/image\/"},"sameAs":["https:\/\/nb-no.facebook.com\/B\u00f8-prestegard-215741351797958\/"]}]}},"_links":{"self":[{"href":"https:\/\/boprestegard.no\/wp\/wp-json\/wp\/v2\/pages\/26","targetHints":{"allow":["GET"]}}],"collection":[{"href":"https:\/\/boprestegard.no\/wp\/wp-json\/wp\/v2\/pages"}],"about":[{"href":"https:\/\/boprestegard.no\/wp\/wp-json\/wp\/v2\/types\/page"}],"author":[{"embeddable":true,"href":"https:\/\/boprestegard.no\/wp\/wp-json\/wp\/v2\/users\/1"}],"replies":[{"embeddable":true,"href":"https:\/\/boprestegard.no\/wp\/wp-json\/wp\/v2\/comments?post=26"}],"version-history":[{"count":27,"href":"https:\/\/boprestegard.no\/wp\/wp-json\/wp\/v2\/pages\/26\/revisions"}],"predecessor-version":[{"id":888,"href":"https:\/\/boprestegard.no\/wp\/wp-json\/wp\/v2\/pages\/26\/revisions\/888"}],"wp:attachment":[{"href":"https:\/\/boprestegard.no\/wp\/wp-json\/wp\/v2\/media?parent=26"}],"curies":[{"name":"wp","href":"https:\/\/api.w.org\/{rel}","templated":true}]}}